{"id":29692,"date":"2026-05-11T10:49:01","date_gmt":"2026-05-11T10:49:01","guid":{"rendered":"https:\/\/dokumenata.com\/?page_id=29692"},"modified":"2026-05-11T10:52:15","modified_gmt":"2026-05-11T10:52:15","slug":"vize-za-srbiju","status":"publish","type":"page","link":"https:\/\/dokumenata.com\/en\/vize-za-srbiju\/","title":{"rendered":"Vize za Srbiju"},"content":{"rendered":"<div data-elementor-type=\"wp-page\" data-elementor-id=\"29692\" class=\"elementor elementor-29692\">\n\t\t\t\t<div class=\"wd-negative-gap elementor-element elementor-element-f7fce9e e-flex e-con-boxed e-con e-parent\" data-id=\"f7fce9e\" data-element_type=\"container\" data-e-type=\"container\">\n\t\t\t\t\t<div class=\"e-con-inner\">\n\t\t<div class=\"elementor-element elementor-element-c2cdb39 e-con-full e-flex e-con e-child\" data-id=\"c2cdb39\" data-element_type=\"container\" data-e-type=\"container\">\n\t\t\t\t<div class=\"elementor-element elementor-element-2b61d47c color-scheme-inherit text-left elementor-widget elementor-widget-text-editor\" data-id=\"2b61d47c\" data-element_type=\"widget\" data-e-type=\"widget\" data-widget_type=\"text-editor.default\">\n\t\t\t\t<div class=\"elementor-widget-container\">\n\t\t\t\t\t\t\t\t\t\n<p>Na\u0161a kompanija specijalizovana je za pru\u017eanje profesionalnih usluga u oblasti viza, boravi\u0161nih dozvola i imigracionih procedura u Srbiji. Sa dugogodi\u0161njim iskustvom i poznavanjem lokalnih propisa, poma\u017eemo klijentima iz celog sveta da brzo, sigurno i bez komplikacija re\u0161e administrativne procedure vezane za dolazak i boravak u Republici Srbiji.<br \/>Na\u0161 tim stru\u010dnjaka pru\u017ea potpunu podr\u0161ku tokom celog procesa \u2013 od po\u010detnih konsultacija i pripreme dokumentacije, do podno\u0161enja zahteva i komunikacije sa nadle\u017enim institucijama. Posebnu pa\u017enju posve\u0107ujemo ta\u010dnosti dokumentacije i efikasnosti postupka, kako bi na\u0161i klijenti izbegli nepotrebna ka\u0161njenja i komplikacije.<br \/>Na\u0161e usluge obuhvataju:<br \/>Savetovanje u vezi sa vizama za ulazak u Srbiju<br \/>Pomo\u0107 pri dobijanju privremenog i stalnog boravka<br \/>Podr\u0161ku pri dobijanju radnih dozvola<br \/>Registraciju stranih dr\u017eavljana<br \/>Produ\u017eenje boravi\u0161nih dozvola<br \/>Konsultacije u vezi sa imigracionim zakonima i procedurama<br \/>Sara\u0111ujemo sa pojedincima, porodicama, kompanijama i investitorima koji \u017eele da \u017eive, rade ili posluju u Srbiji. Na\u0161 cilj je da ceo proces u\u010dinimo jednostavnim, transparentnim i pouzdanim.<br \/>Ako planirate dolazak u Srbiju, na\u0161 tim je tu da vam pomogne na svakom koraku. \ud83c\udf0d<\/p>\n\t\t\t\t\t\t\t\t<\/div>\n\t\t\t\t<\/div>\n\t\t\t\t<\/div>\n\t\t<div class=\"elementor-element elementor-element-d024b7e e-con-full e-flex e-con e-child\" data-id=\"d024b7e\" data-element_type=\"container\" data-e-type=\"container\">\n\t\t\t\t<div class=\"elementor-element elementor-element-327d190 elementor-widget elementor-widget-image\" data-id=\"327d190\" data-element_type=\"widget\" data-e-type=\"widget\" data-widget_type=\"image.default\">\n\t\t\t\t<div class=\"elementor-widget-container\">\n\t\t\t\t\t\t\t\t\t\t\t\t\t\t\t<img fetchpriority=\"high\" decoding=\"async\" width=\"1200\" height=\"800\" src=\"https:\/\/dokumenata.com\/wp-content\/uploads\/2026\/05\/vize-za-srbiju-1200x800.png\" class=\"attachment-large size-large wp-image-29696\" alt=\"\" srcset=\"https:\/\/dokumenata.com\/wp-content\/uploads\/2026\/05\/vize-za-srbiju-1200x800.png 1200w, https:\/\/dokumenata.com\/wp-content\/uploads\/2026\/05\/vize-za-srbiju-400x267.png 400w, https:\/\/dokumenata.com\/wp-content\/uploads\/2026\/05\/vize-za-srbiju-768x512.png 768w, https:\/\/dokumenata.com\/wp-content\/uploads\/2026\/05\/vize-za-srbiju-18x12.png 18w, https:\/\/dokumenata.com\/wp-content\/uploads\/2026\/05\/vize-za-srbiju-430x287.png 430w, https:\/\/dokumenata.com\/wp-content\/uploads\/2026\/05\/vize-za-srbiju-700x467.png 700w, https:\/\/dokumenata.com\/wp-content\/uploads\/2026\/05\/vize-za-srbiju-150x100.png 150w, https:\/\/dokumenata.com\/wp-content\/uploads\/2026\/05\/vize-za-srbiju.png 1536w\" sizes=\"(max-width: 1200px) 100vw, 1200px\" \/>\t\t\t\t\t\t\t\t\t\t\t\t\t\t\t<\/div>\n\t\t\t\t<\/div>\n\t\t\t\t<\/div>\n\t\t\t\t\t<\/div>\n\t\t\t\t<\/div>\n\t\t\t\t<\/div>","protected":false},"excerpt":{"rendered":"<p>Na\u0161a kompanija specijalizovana je za pru\u017eanje profesionalnih usluga u oblasti viza, boravi\u0161nih dozvola i imigracionih procedura u Srbiji. Sa dugogodi\u0161njim<\/p>","protected":false},"author":1,"featured_media":0,"parent":0,"menu_order":0,"comment_status":"closed","ping_status":"closed","template":"elementor_header_footer","meta":{"footnotes":""},"class_list":["post-29692","page","type-page","status-publish","hentry"],"_links":{"self":[{"href":"https:\/\/dokumenata.com\/en\/wp-json\/wp\/v2\/pages\/29692","targetHints":{"allow":["GET"]}}],"collection":[{"href":"https:\/\/dokumenata.com\/en\/wp-json\/wp\/v2\/pages"}],"about":[{"href":"https:\/\/dokumenata.com\/en\/wp-json\/wp\/v2\/types\/page"}],"author":[{"embeddable":true,"href":"https:\/\/dokumenata.com\/en\/wp-json\/wp\/v2\/users\/1"}],"replies":[{"embeddable":true,"href":"https:\/\/dokumenata.com\/en\/wp-json\/wp\/v2\/comments?post=29692"}],"version-history":[{"count":5,"href":"https:\/\/dokumenata.com\/en\/wp-json\/wp\/v2\/pages\/29692\/revisions"}],"predecessor-version":[{"id":29700,"href":"https:\/\/dokumenata.com\/en\/wp-json\/wp\/v2\/pages\/29692\/revisions\/29700"}],"wp:attachment":[{"href":"https:\/\/dokumenata.com\/en\/wp-json\/wp\/v2\/media?parent=29692"}],"curies":[{"name":"wp","href":"https:\/\/api.w.org\/{rel}","templated":true}]}}