{"id":29450,"date":"2025-06-09T11:43:53","date_gmt":"2025-06-09T11:43:53","guid":{"rendered":"https:\/\/dokumenata.com\/?page_id=29450"},"modified":"2025-06-09T11:44:36","modified_gmt":"2025-06-09T11:44:36","slug":"apliciranje-za-vize","status":"publish","type":"page","link":"https:\/\/dokumenata.com\/en\/apliciranje-za-vize\/","title":{"rendered":"Apliciranje za vize"},"content":{"rendered":"<div data-elementor-type=\"wp-page\" data-elementor-id=\"29450\" class=\"elementor elementor-29450\">\n\t\t\t\t<div class=\"wd-negative-gap elementor-element elementor-element-b3a6a3c e-flex e-con-boxed e-con e-parent\" data-id=\"b3a6a3c\" data-element_type=\"container\" data-e-type=\"container\">\n\t\t\t\t\t<div class=\"e-con-inner\">\n\t\t\t\t<div class=\"elementor-element elementor-element-4db5b95 elementor-widget elementor-widget-wd_text_block\" data-id=\"4db5b95\" data-element_type=\"widget\" data-e-type=\"widget\" data-widget_type=\"wd_text_block.default\">\n\t\t\t\t<div class=\"elementor-widget-container\">\n\t\t\t\t\t\t\t<div class=\"wd-text-block reset-last-child text-left\">\n\t\t\t\n\t\t\t<p>IMALEX Vam nudi svu potrebnu administrativnu i konsultantsku podr\u0161ku\u00a0prilikom podno\u0161enja zahteva za bilo koji tip vize za ve\u0107inu dr\u017eava<\/p><ul><li>Zakazivanje intervjua u ambasadi (prilikom zakazivanja Vam\u00a0nudimo dostupne termine a Vi birate koji \u017eelite)<\/li><li>Popunjavanje obrazaca<\/li><li>Pru\u017eanje savetodavne pomo\u0107i u vezi sa neophodnom\u00a0dokumentacijom i predstoje\u0107im intervjuom u ambasadi<\/li><\/ul>\n\t\t\t\t\t<\/div>\n\t\t\t\t\t\t<\/div>\n\t\t\t\t<\/div>\n\t\t\t\t\t<\/div>\n\t\t\t\t<\/div>\n\t\t\t\t<\/div>","protected":false},"excerpt":{"rendered":"<p>IMALEX Vam nudi svu potrebnu administrativnu i konsultantsku podr\u0161ku\u00a0prilikom podno\u0161enja zahteva za bilo koji tip vize za ve\u0107inu dr\u017eava Zakazivanje<\/p>","protected":false},"author":1,"featured_media":0,"parent":0,"menu_order":0,"comment_status":"closed","ping_status":"closed","template":"elementor_header_footer","meta":{"footnotes":""},"class_list":["post-29450","page","type-page","status-publish","hentry"],"_links":{"self":[{"href":"https:\/\/dokumenata.com\/en\/wp-json\/wp\/v2\/pages\/29450","targetHints":{"allow":["GET"]}}],"collection":[{"href":"https:\/\/dokumenata.com\/en\/wp-json\/wp\/v2\/pages"}],"about":[{"href":"https:\/\/dokumenata.com\/en\/wp-json\/wp\/v2\/types\/page"}],"author":[{"embeddable":true,"href":"https:\/\/dokumenata.com\/en\/wp-json\/wp\/v2\/users\/1"}],"replies":[{"embeddable":true,"href":"https:\/\/dokumenata.com\/en\/wp-json\/wp\/v2\/comments?post=29450"}],"version-history":[{"count":4,"href":"https:\/\/dokumenata.com\/en\/wp-json\/wp\/v2\/pages\/29450\/revisions"}],"predecessor-version":[{"id":29455,"href":"https:\/\/dokumenata.com\/en\/wp-json\/wp\/v2\/pages\/29450\/revisions\/29455"}],"wp:attachment":[{"href":"https:\/\/dokumenata.com\/en\/wp-json\/wp\/v2\/media?parent=29450"}],"curies":[{"name":"wp","href":"https:\/\/api.w.org\/{rel}","templated":true}]}}