{"id":29342,"date":"2025-06-09T10:19:18","date_gmt":"2025-06-09T10:19:18","guid":{"rendered":"https:\/\/dokumenata.com\/?page_id=29342"},"modified":"2025-06-09T10:33:59","modified_gmt":"2025-06-09T10:33:59","slug":"izvod-iz-maticne-knjige-vencanih","status":"publish","type":"page","link":"https:\/\/dokumenata.com\/en\/izvod-iz-maticne-knjige-vencanih\/","title":{"rendered":"EXTRACT FROM THE MARRIAGE REGISTER"},"content":{"rendered":"<div data-elementor-type=\"wp-page\" data-elementor-id=\"29342\" class=\"elementor elementor-29342\">\n\t\t\t\t<div class=\"wd-negative-gap elementor-element elementor-element-1f966912 e-flex e-con-boxed e-con e-parent\" data-id=\"1f966912\" data-element_type=\"container\">\n\t\t\t\t\t<div class=\"e-con-inner\">\n\t\t\t\t<div class=\"elementor-element elementor-element-4a2e2dda wd-width-100 elementor-widget elementor-widget-wd_title\" data-id=\"4a2e2dda\" data-element_type=\"widget\" data-widget_type=\"wd_title.default\">\n\t\t\t\t<div class=\"elementor-widget-container\">\n\t\t\t\t\t\t\t<div class=\"title-wrapper wd-set-mb reset-last-child wd-title-color-default wd-title-style-default wd-title-size-default text-center\">\n\n\t\t\t\n\t\t\t<div class=\"liner-continer\">\n\t\t\t\t<h1 class=\"woodmart-title-container title wd-fontsize-l\">EXTRACT FROM THE MARRIAGE REGISTER<\/h1> \n\t\t\t\t\t\t\t<\/div>\n\n\t\t\t\t\t\t\t<div class=\"title-after_title reset-last-child wd-fontsize-xs\">\n\t\t\t\t\t<h2>Information about the person for whom the marriage certificate is requested:<\/h2><br \/>\nFields marked with * must be filled in\t\t\t\t<\/div>\n\t\t\t\t\t<\/div>\n\t\t\t\t\t\t<\/div>\n\t\t\t\t<\/div>\n\t\t\t\t<div class=\"elementor-element elementor-element-7391877 elementor-widget-divider--separator-type-pattern elementor-widget-divider--view-line elementor-widget elementor-widget-divider\" data-id=\"7391877\" data-element_type=\"widget\" data-widget_type=\"divider.default\">\n\t\t\t\t<div class=\"elementor-widget-container\">\n\t\t\t\t\t\t\t<div class=\"elementor-divider\" style=\"--divider-pattern-url: url(&quot;data:image\/svg+xml,%3Csvg xmlns=&#039;http:\/\/www.w3.org\/2000\/svg&#039; preserveAspectRatio=&#039;none&#039; overflow=&#039;visible&#039; height=&#039;100%&#039; viewBox=&#039;0 0 20 16&#039; fill=&#039;none&#039; stroke=&#039;black&#039; stroke-width=&#039;1&#039; stroke-linecap=&#039;square&#039; stroke-miterlimit=&#039;10&#039;%3E%3Cg transform=&#039;translate(-12.000000, 0)&#039;%3E%3Cpath d=&#039;M28,0L10,18&#039;\/%3E%3Cpath d=&#039;M18,0L0,18&#039;\/%3E%3Cpath d=&#039;M48,0L30,18&#039;\/%3E%3Cpath d=&#039;M38,0L20,18&#039;\/%3E%3C\/g%3E%3C\/svg%3E&quot;);\">\n\t\t\t<span class=\"elementor-divider-separator\">\n\t\t\t\t\t\t<\/span>\n\t\t<\/div>\n\t\t\t\t\t\t<\/div>\n\t\t\t\t<\/div>\n\t\t\t\t\t<\/div>\n\t\t\t\t<\/div>\n\t\t<div class=\"wd-negative-gap elementor-element elementor-element-6fbabf92 e-flex e-con-boxed e-con e-parent\" data-id=\"6fbabf92\" data-element_type=\"container\">\n\t\t\t\t\t<div class=\"e-con-inner\">\n\t\t<div class=\"elementor-element elementor-element-50c65435 e-con-full e-flex e-con e-child\" data-id=\"50c65435\" data-element_type=\"container\">\n\t\t\t\t<div class=\"elementor-element elementor-element-601f9987 elementor-widget elementor-widget-image\" data-id=\"601f9987\" data-element_type=\"widget\" data-widget_type=\"image.default\">\n\t\t\t\t<div class=\"elementor-widget-container\">\n\t\t\t\t\t\t\t\t\t\t\t\t\t\t\t<img fetchpriority=\"high\" decoding=\"async\" width=\"370\" height=\"540\" src=\"https:\/\/dokumenata.com\/wp-content\/uploads\/2025\/06\/1-2.webp\" class=\"attachment-medium_large size-medium_large wp-image-29370\" alt=\"\" srcset=\"https:\/\/dokumenata.com\/wp-content\/uploads\/2025\/06\/1-2.webp 370w, https:\/\/dokumenata.com\/wp-content\/uploads\/2025\/06\/1-2-206x300.webp 206w, https:\/\/dokumenata.com\/wp-content\/uploads\/2025\/06\/1-2-150x219.webp 150w\" sizes=\"(max-width: 370px) 100vw, 370px\" \/>\t\t\t\t\t\t\t\t\t\t\t\t\t\t\t<\/div>\n\t\t\t\t<\/div>\n\t\t\t\t<\/div>\n\t\t<div class=\"elementor-element elementor-element-9836736 e-con-full e-flex e-con e-child\" data-id=\"9836736\" data-element_type=\"container\">\n\t\t\t\t<div class=\"elementor-element elementor-element-7809dbb5 wd-cf7 elementor-widget elementor-widget-wd_contact_form_7\" data-id=\"7809dbb5\" data-element_type=\"widget\" data-widget_type=\"wd_contact_form_7.default\">\n\t\t\t\t<div class=\"elementor-widget-container\">\n\t\t\t\t\t\n<div class=\"wpcf7 no-js\" id=\"wpcf7-f29309-o1\" lang=\"en-US\" dir=\"ltr\" data-wpcf7-id=\"29309\">\n<div class=\"screen-reader-response\"><p role=\"status\" aria-live=\"polite\" aria-atomic=\"true\"><\/p> <ul><\/ul><\/div>\n<form action=\"\/en\/wp-json\/wp\/v2\/pages\/29342#wpcf7-f29309-o1\" method=\"post\" class=\"wpcf7-form init\" aria-label=\"Contact form\" novalidate=\"novalidate\" data-status=\"init\" data-trp-original-action=\"\/en\/wp-json\/wp\/v2\/pages\/29342#wpcf7-f29309-o1\">\n<fieldset class=\"hidden-fields-container\"><input type=\"hidden\" name=\"_wpcf7\" value=\"29309\" \/><input type=\"hidden\" name=\"_wpcf7_version\" value=\"6.1.1\" \/><input type=\"hidden\" name=\"_wpcf7_locale\" value=\"en_US\" \/><input type=\"hidden\" name=\"_wpcf7_unit_tag\" value=\"wpcf7-f29309-o1\" \/><input type=\"hidden\" name=\"_wpcf7_container_post\" value=\"0\" \/><input type=\"hidden\" name=\"_wpcf7_posted_data_hash\" value=\"\" \/>\n<\/fieldset>\n<div class=\"form-input\">\n\t<p><span class=\"f-label\">Spouse's name <span class=\"red\">*<\/span><\/span><br \/>\n<span class=\"wpcf7-form-control-wrap\" data-name=\"text-z133\"><input size=\"40\" maxlength=\"400\" class=\"wpcf7-form-control wpcf7-text shape form-control\" aria-invalid=\"false\" value=\"\" type=\"text\" name=\"text-z133\" \/><\/span>\n\t<\/p>\n<\/div>\n<div class=\"form-input\">\n\t<p><span class=\"f-label\">Spouse's last name <span class=\"red\">*<\/span><\/span><br \/>\n<span class=\"wpcf7-form-control-wrap\" data-name=\"text-z233\"><input size=\"40\" maxlength=\"400\" class=\"wpcf7-form-control wpcf7-text shape form-control\" aria-invalid=\"false\" value=\"\" type=\"text\" name=\"text-z233\" \/><\/span>\n\t<\/p>\n<\/div>\n<div class=\"form-input\">\n\t<p><span class=\"f-label\">Name and surname of the spouse's father<span class=\"red\">*<\/span><\/span><br \/>\n<span class=\"wpcf7-form-control-wrap\" data-name=\"text-z433\"><input size=\"40\" maxlength=\"400\" class=\"wpcf7-form-control wpcf7-text shape form-control\" aria-invalid=\"false\" value=\"\" type=\"text\" name=\"text-z433\" \/><\/span>\n\t<\/p>\n<\/div>\n<div class=\"form-input\">\n\t<p><span class=\"f-label\">Name and surname of the spouse's mother <span class=\"red\">*<\/span><\/span><br \/>\n<span class=\"wpcf7-form-control-wrap\" data-name=\"text-z533\"><input size=\"40\" maxlength=\"400\" class=\"wpcf7-form-control wpcf7-text shape form-control\" aria-invalid=\"false\" value=\"\" type=\"text\" name=\"text-z533\" \/><\/span>\n\t<\/p>\n<\/div>\n<div class=\"form-input\">\n\t<p><span class=\"f-label\"> Spouse's ID card number <span class=\"red\">*<\/span><\/span><br \/>\n<span class=\"wpcf7-form-control-wrap\" data-name=\"text-z633\"><input size=\"40\" maxlength=\"400\" class=\"wpcf7-form-control wpcf7-text shape form-control\" aria-invalid=\"false\" value=\"\" type=\"text\" name=\"text-z633\" \/><\/span>\n\t<\/p>\n<\/div>\n<div class=\"form-input\">\n\t<p><span class=\"f-label\">Place of birth spouse's <span class=\"red\">*<\/span><\/span><br \/>\n<span class=\"wpcf7-form-control-wrap\" data-name=\"text-z733\"><input size=\"40\" maxlength=\"400\" class=\"wpcf7-form-control wpcf7-text shape form-control\" aria-invalid=\"false\" value=\"\" type=\"text\" name=\"text-z733\" \/><\/span>\n\t<\/p>\n<\/div>\n<div class=\"form-input\">\n\t<p><span class=\"f-label\">Date of birth spouse's<span class=\"red\">*<\/span><\/span><br \/>\n<span class=\"wpcf7-form-control-wrap\" data-name=\"text-z833\"><input size=\"40\" maxlength=\"400\" class=\"wpcf7-form-control wpcf7-text shape form-control\" aria-invalid=\"false\" value=\"\" type=\"text\" name=\"text-z833\" \/><\/span>\n\t<\/p>\n<\/div>\n<p>Bride's details:\n<\/p>\n<div class=\"form-input\">\n\t<p><span class=\"f-label\">Wedding date <span class=\"red\">*<\/span><\/span><br \/>\n<span class=\"wpcf7-form-control-wrap\" data-name=\"text-n433\"><input size=\"40\" maxlength=\"400\" class=\"wpcf7-form-control wpcf7-text shape form-control\" aria-invalid=\"false\" value=\"\" type=\"text\" name=\"text-n433\" \/><\/span>\n\t<\/p>\n<\/div>\n<div class=\"form-input\">\n\t<p><span class=\"f-label\">Wedding place <span class=\"red\">*<\/span><\/span><br \/>\n<span class=\"wpcf7-form-control-wrap\" data-name=\"text-n533\"><input size=\"40\" maxlength=\"400\" class=\"wpcf7-form-control wpcf7-text shape form-control\" aria-invalid=\"false\" value=\"\" type=\"text\" name=\"text-n533\" \/><\/span>\n\t<\/p>\n<\/div>\n<div class=\"form-input\">\n\t<p><span class=\"f-label\"> Wedding municipality <span class=\"red\">*<\/span><\/span><br \/>\n<span class=\"wpcf7-form-control-wrap\" data-name=\"text-n633\"><input size=\"40\" maxlength=\"400\" class=\"wpcf7-form-control wpcf7-text shape form-control\" aria-invalid=\"false\" value=\"\" type=\"text\" name=\"text-n633\" \/><\/span>\n\t<\/p>\n<\/div>\n<div class=\"form-input\">\n\t<p><span class=\"f-label\">Country <span class=\"red\">*<\/span><\/span><br \/>\n<span class=\"wpcf7-form-control-wrap\" data-name=\"text-n733\"><input size=\"40\" maxlength=\"400\" class=\"wpcf7-form-control wpcf7-text shape form-control\" aria-invalid=\"false\" value=\"\" type=\"text\" name=\"text-n733\" \/><\/span>\n\t<\/p>\n<\/div>\n<p><strong>Document recipient information:<br \/>\nA person submitting a request for a birth certificate.<br \/>\n<\/strong>\n<\/p>\n<div class=\"form-input\">\n\t<p><span class=\"f-label\">Orderer's name <span class=\"red\">*<\/span><\/span><br \/>\n<span class=\"wpcf7-form-control-wrap\" data-name=\"email\"><input size=\"40\" maxlength=\"400\" class=\"wpcf7-form-control wpcf7-email wpcf7-validates-as-required wpcf7-text wpcf7-validates-as-email shape form-control\" aria-required=\"true\" aria-invalid=\"false\" value=\"\" type=\"email\" name=\"email\" \/><\/span>\n\t<\/p>\n<\/div>\n<div class=\"form-input\">\n\t<p><span class=\"f-label\">Orderer's last name <span class=\"red\">*<\/span><\/span><br \/>\n<span class=\"wpcf7-form-control-wrap\" data-name=\"text-e1233\"><input size=\"40\" maxlength=\"400\" class=\"wpcf7-form-control wpcf7-text shape form-control\" aria-invalid=\"false\" value=\"\" type=\"text\" name=\"text-e1233\" \/><\/span>\n\t<\/p>\n<\/div>\n<div class=\"form-input\">\n\t<p><span class=\"f-label\">Personal identification number <span class=\"red\">*<\/span><\/span><br \/>\n<span class=\"wpcf7-form-control-wrap\" data-name=\"text-e13333\"><input size=\"40\" maxlength=\"400\" class=\"wpcf7-form-control wpcf7-text shape form-control\" aria-invalid=\"false\" value=\"\" type=\"text\" name=\"text-e13333\" \/><\/span>\n\t<\/p>\n<\/div>\n<div class=\"form-input\">\n\t<p><span class=\"f-label\">Adress <span class=\"red\">*<\/span><\/span><br \/>\n<span class=\"wpcf7-form-control-wrap\" data-name=\"text-e1433\"><input size=\"40\" maxlength=\"400\" class=\"wpcf7-form-control wpcf7-text shape form-control\" aria-invalid=\"false\" value=\"\" type=\"text\" name=\"text-e1433\" \/><\/span>\n\t<\/p>\n<\/div>\n<div class=\"form-input\">\n\t<p><span class=\"f-label\">Place <span class=\"red\">*<\/span><\/span><br \/>\n<span class=\"wpcf7-form-control-wrap\" data-name=\"text-e1533\"><input size=\"40\" maxlength=\"400\" class=\"wpcf7-form-control wpcf7-text shape form-control\" aria-invalid=\"false\" value=\"\" type=\"text\" name=\"text-e1533\" \/><\/span>\n\t<\/p>\n<\/div>\n<div class=\"form-input\">\n\t<p><span class=\"f-label\">Postal code <span class=\"red\">*<\/span><\/span><br \/>\n<span class=\"wpcf7-form-control-wrap\" data-name=\"text-e1633\"><input size=\"40\" maxlength=\"400\" class=\"wpcf7-form-control wpcf7-text shape form-control\" aria-invalid=\"false\" value=\"\" type=\"text\" name=\"text-e1633\" \/><\/span>\n\t<\/p>\n<\/div>\n<div class=\"form-input\">\n\t<p><span class=\"f-label\">Municipality <span class=\"red\">*<\/span><\/span><br \/>\n<span class=\"wpcf7-form-control-wrap\" data-name=\"text-e1733\"><input size=\"40\" maxlength=\"400\" class=\"wpcf7-form-control wpcf7-text shape form-control\" aria-invalid=\"false\" value=\"\" type=\"text\" name=\"text-e1733\" \/><\/span>\n\t<\/p>\n<\/div>\n<div class=\"form-input\">\n\t<p><span class=\"f-label\">Country <span class=\"red\">*<\/span><\/span><br \/>\n<span class=\"wpcf7-form-control-wrap\" data-name=\"text-e1833\"><input size=\"40\" maxlength=\"400\" class=\"wpcf7-form-control wpcf7-text shape form-control\" aria-invalid=\"false\" value=\"\" type=\"text\" name=\"text-e1833\" \/><\/span>\n\t<\/p>\n<\/div>\n<div class=\"form-input\">\n\t<p><span class=\"f-label\">Email <span class=\"red\">*<\/span><\/span><br \/>\n<span class=\"wpcf7-form-control-wrap\" data-name=\"text-e1933\"><input size=\"40\" maxlength=\"400\" class=\"wpcf7-form-control wpcf7-text shape form-control\" aria-invalid=\"false\" value=\"\" type=\"text\" name=\"text-e1933\" \/><\/span>\n\t<\/p>\n<\/div>\n<div class=\"form-input\">\n\t<p><span class=\"f-label\">Phone <span class=\"red\">*<\/span><\/span><br \/>\n<span class=\"wpcf7-form-control-wrap\" data-name=\"text-e2033\"><input size=\"40\" maxlength=\"400\" class=\"wpcf7-form-control wpcf7-text shape form-control\" aria-invalid=\"false\" value=\"\" type=\"text\" name=\"text-e2033\" \/><\/span>\n\t<\/p>\n<\/div>\n<div class=\"form-input\">\n\t<p><span class=\"f-label\">Message - enter the reason for extracting the document <span class=\"red\">*<\/span><\/span><br \/>\n<span class=\"wpcf7-form-control-wrap\" data-name=\"message\"><textarea cols=\"40\" rows=\"10\" maxlength=\"2000\" class=\"wpcf7-form-control wpcf7-textarea wpcf7-validates-as-required shape form-control\" aria-required=\"true\" aria-invalid=\"false\" name=\"message\"><\/textarea><\/span>\n\t<\/p>\n<\/div>\n<div class=\"form-input button-group\">\n\t<p><input class=\"wpcf7-form-control wpcf7-submit has-spinner submit-btn shape btn btn-md main-bg\" type=\"submit\" value=\"Send a request\" \/>\n\t<\/p>\n<\/div><div class=\"wpcf7-response-output\" aria-hidden=\"true\"><\/div>\n<input type=\"hidden\" name=\"trp-form-language\" value=\"en\"\/><\/form>\n<\/div>\n\t\t\t\t<\/div>\n\t\t\t\t<\/div>\n\t\t\t\t<\/div>\n\t\t\t\t\t<\/div>\n\t\t\t\t<\/div>\n\t\t\t\t<\/div>","protected":false},"excerpt":{"rendered":"<p>IZVOD IZ MATI\u010cNE KNJIGE VEN\u010cANIH Podaci o osobi za koju se zahteva izvod iz mati\u010dne knjige ven\u010danih: Polja ozna\u010dena sa<\/p>","protected":false},"author":1,"featured_media":0,"parent":0,"menu_order":0,"comment_status":"closed","ping_status":"closed","template":"elementor_header_footer","meta":{"footnotes":""},"class_list":["post-29342","page","type-page","status-publish","hentry"],"_links":{"self":[{"href":"https:\/\/dokumenata.com\/en\/wp-json\/wp\/v2\/pages\/29342","targetHints":{"allow":["GET"]}}],"collection":[{"href":"https:\/\/dokumenata.com\/en\/wp-json\/wp\/v2\/pages"}],"about":[{"href":"https:\/\/dokumenata.com\/en\/wp-json\/wp\/v2\/types\/page"}],"author":[{"embeddable":true,"href":"https:\/\/dokumenata.com\/en\/wp-json\/wp\/v2\/users\/1"}],"replies":[{"embeddable":true,"href":"https:\/\/dokumenata.com\/en\/wp-json\/wp\/v2\/comments?post=29342"}],"version-history":[{"count":7,"href":"https:\/\/dokumenata.com\/en\/wp-json\/wp\/v2\/pages\/29342\/revisions"}],"predecessor-version":[{"id":29380,"href":"https:\/\/dokumenata.com\/en\/wp-json\/wp\/v2\/pages\/29342\/revisions\/29380"}],"wp:attachment":[{"href":"https:\/\/dokumenata.com\/en\/wp-json\/wp\/v2\/media?parent=29342"}],"curies":[{"name":"wp","href":"https:\/\/api.w.org\/{rel}","templated":true}]}}