{"id":29279,"date":"2025-06-09T09:44:05","date_gmt":"2025-06-09T09:44:05","guid":{"rendered":"https:\/\/dokumenata.com\/?page_id=29279"},"modified":"2025-06-09T10:18:52","modified_gmt":"2025-06-09T10:18:52","slug":"izvod-iz-maticne-knjige-rodjenih","status":"publish","type":"page","link":"https:\/\/dokumenata.com\/en\/izvod-iz-maticne-knjige-rodjenih\/","title":{"rendered":"EXTRACT FROM THE REGISTRY BOOK OF BIRTHS"},"content":{"rendered":"<div data-elementor-type=\"wp-page\" data-elementor-id=\"29279\" class=\"elementor elementor-29279\">\n\t\t\t\t<div class=\"wd-negative-gap elementor-element elementor-element-19a8076b e-flex e-con-boxed e-con e-parent\" data-id=\"19a8076b\" data-element_type=\"container\">\n\t\t\t\t\t<div class=\"e-con-inner\">\n\t\t\t\t<div class=\"elementor-element elementor-element-16f6f72e wd-width-100 elementor-widget elementor-widget-wd_title\" data-id=\"16f6f72e\" data-element_type=\"widget\" data-widget_type=\"wd_title.default\">\n\t\t\t\t<div class=\"elementor-widget-container\">\n\t\t\t\t\t\t\t<div class=\"title-wrapper wd-set-mb reset-last-child wd-title-color-default wd-title-style-default wd-title-size-default text-center\">\n\n\t\t\t\n\t\t\t<div class=\"liner-continer\">\n\t\t\t\t<h1 class=\"woodmart-title-container title wd-fontsize-l\">EXTRACT FROM THE REGISTRY BOOK OF BIRTHS<\/h1> \n\t\t\t\t\t\t\t<\/div>\n\n\t\t\t\t\t\t\t<div class=\"title-after_title reset-last-child wd-fontsize-xs\">\n\t\t\t\t\t<h2>Information about the person for whom the birth certificate is requested:<\/h2><p>Fields marked with * must be filled in<\/p>\t\t\t\t<\/div>\n\t\t\t\t\t<\/div>\n\t\t\t\t\t\t<\/div>\n\t\t\t\t<\/div>\n\t\t\t\t<div class=\"elementor-element elementor-element-c5783c1 elementor-widget-divider--separator-type-pattern elementor-widget-divider--view-line elementor-widget elementor-widget-divider\" data-id=\"c5783c1\" data-element_type=\"widget\" data-widget_type=\"divider.default\">\n\t\t\t\t<div class=\"elementor-widget-container\">\n\t\t\t\t\t\t\t<div class=\"elementor-divider\" style=\"--divider-pattern-url: url(&quot;data:image\/svg+xml,%3Csvg xmlns=&#039;http:\/\/www.w3.org\/2000\/svg&#039; preserveAspectRatio=&#039;none&#039; overflow=&#039;visible&#039; height=&#039;100%&#039; viewBox=&#039;0 0 20 16&#039; fill=&#039;none&#039; stroke=&#039;black&#039; stroke-width=&#039;1&#039; stroke-linecap=&#039;square&#039; stroke-miterlimit=&#039;10&#039;%3E%3Cg transform=&#039;translate(-12.000000, 0)&#039;%3E%3Cpath d=&#039;M28,0L10,18&#039;\/%3E%3Cpath d=&#039;M18,0L0,18&#039;\/%3E%3Cpath d=&#039;M48,0L30,18&#039;\/%3E%3Cpath d=&#039;M38,0L20,18&#039;\/%3E%3C\/g%3E%3C\/svg%3E&quot;);\">\n\t\t\t<span class=\"elementor-divider-separator\">\n\t\t\t\t\t\t<\/span>\n\t\t<\/div>\n\t\t\t\t\t\t<\/div>\n\t\t\t\t<\/div>\n\t\t\t\t\t<\/div>\n\t\t\t\t<\/div>\n\t\t<div class=\"wd-negative-gap elementor-element elementor-element-68b6b066 e-flex e-con-boxed e-con e-parent\" data-id=\"68b6b066\" data-element_type=\"container\">\n\t\t\t\t\t<div class=\"e-con-inner\">\n\t\t<div class=\"elementor-element elementor-element-29a1a1f6 e-con-full e-flex e-con e-child\" data-id=\"29a1a1f6\" data-element_type=\"container\">\n\t\t\t\t<div class=\"elementor-element elementor-element-193de864 elementor-widget elementor-widget-image\" data-id=\"193de864\" data-element_type=\"widget\" data-widget_type=\"image.default\">\n\t\t\t\t<div class=\"elementor-widget-container\">\n\t\t\t\t\t\t\t\t\t\t\t\t\t\t\t<img fetchpriority=\"high\" decoding=\"async\" width=\"397\" height=\"553\" src=\"https:\/\/dokumenata.com\/wp-content\/uploads\/2025\/06\/izvodi-iz-maticnih-knjiga-0-e1454581846432.webp\" class=\"attachment-full size-full wp-image-29282\" alt=\"\" srcset=\"https:\/\/dokumenata.com\/wp-content\/uploads\/2025\/06\/izvodi-iz-maticnih-knjiga-0-e1454581846432.webp 397w, https:\/\/dokumenata.com\/wp-content\/uploads\/2025\/06\/izvodi-iz-maticnih-knjiga-0-e1454581846432-215x300.webp 215w, https:\/\/dokumenata.com\/wp-content\/uploads\/2025\/06\/izvodi-iz-maticnih-knjiga-0-e1454581846432-150x209.webp 150w\" sizes=\"(max-width: 397px) 100vw, 397px\" \/>\t\t\t\t\t\t\t\t\t\t\t\t\t\t\t<\/div>\n\t\t\t\t<\/div>\n\t\t\t\t<\/div>\n\t\t<div class=\"elementor-element elementor-element-18dc034 e-con-full e-flex e-con e-child\" data-id=\"18dc034\" data-element_type=\"container\">\n\t\t\t\t<div class=\"elementor-element elementor-element-35ed36f9 wd-cf7 elementor-widget elementor-widget-wd_contact_form_7\" data-id=\"35ed36f9\" data-element_type=\"widget\" data-widget_type=\"wd_contact_form_7.default\">\n\t\t\t\t<div class=\"elementor-widget-container\">\n\t\t\t\t\t\n<div class=\"wpcf7 no-js\" id=\"wpcf7-f29286-o1\" lang=\"en-US\" dir=\"ltr\" data-wpcf7-id=\"29286\">\n<div class=\"screen-reader-response\"><p role=\"status\" aria-live=\"polite\" aria-atomic=\"true\"><\/p> <ul><\/ul><\/div>\n<form action=\"\/en\/wp-json\/wp\/v2\/pages\/29279#wpcf7-f29286-o1\" method=\"post\" class=\"wpcf7-form init\" aria-label=\"Contact form\" novalidate=\"novalidate\" data-status=\"init\" data-trp-original-action=\"\/en\/wp-json\/wp\/v2\/pages\/29279#wpcf7-f29286-o1\">\n<fieldset class=\"hidden-fields-container\"><input type=\"hidden\" name=\"_wpcf7\" value=\"29286\" \/><input type=\"hidden\" name=\"_wpcf7_version\" value=\"6.1.1\" \/><input type=\"hidden\" name=\"_wpcf7_locale\" value=\"en_US\" \/><input type=\"hidden\" name=\"_wpcf7_unit_tag\" value=\"wpcf7-f29286-o1\" \/><input type=\"hidden\" name=\"_wpcf7_container_post\" value=\"0\" \/><input type=\"hidden\" name=\"_wpcf7_posted_data_hash\" value=\"\" \/>\n<\/fieldset>\n<div class=\"form-input\">\n\t<p><span class=\"f-label\">Name <span class=\"red\">*<\/span><\/span><br \/>\n<span class=\"wpcf7-form-control-wrap\" data-name=\"text-133\"><input size=\"40\" maxlength=\"400\" class=\"wpcf7-form-control wpcf7-text shape form-control\" aria-invalid=\"false\" value=\"\" type=\"text\" name=\"text-133\" \/><\/span>\n\t<\/p>\n<\/div>\n<div class=\"form-input\">\n\t<p><span class=\"f-label\">Last name <span class=\"red\">*<\/span><\/span><br \/>\n<span class=\"wpcf7-form-control-wrap\" data-name=\"text-233\"><input size=\"40\" maxlength=\"400\" class=\"wpcf7-form-control wpcf7-text shape form-control\" aria-invalid=\"false\" value=\"\" type=\"text\" name=\"text-233\" \/><\/span>\n\t<\/p>\n<\/div>\n<div class=\"form-input\">\n\t<p><span class=\"f-label\">Father's name and surname <span class=\"red\">*<\/span><\/span><br \/>\n<span class=\"wpcf7-form-control-wrap\" data-name=\"text-433\"><input size=\"40\" maxlength=\"400\" class=\"wpcf7-form-control wpcf7-text shape form-control\" aria-invalid=\"false\" value=\"\" type=\"text\" name=\"text-433\" \/><\/span>\n\t<\/p>\n<\/div>\n<div class=\"form-input\">\n\t<p><span class=\"f-label\">Mother's name <span class=\"red\">*<\/span><\/span><br \/>\n<span class=\"wpcf7-form-control-wrap\" data-name=\"text-533\"><input size=\"40\" maxlength=\"400\" class=\"wpcf7-form-control wpcf7-text shape form-control\" aria-invalid=\"false\" value=\"\" type=\"text\" name=\"text-533\" \/><\/span>\n\t<\/p>\n<\/div>\n<div class=\"form-input\">\n\t<p><span class=\"f-label\">Mother's maiden name <span class=\"red\">*<\/span><\/span><br \/>\n<span class=\"wpcf7-form-control-wrap\" data-name=\"text-633\"><input size=\"40\" maxlength=\"400\" class=\"wpcf7-form-control wpcf7-text shape form-control\" aria-invalid=\"false\" value=\"\" type=\"text\" name=\"text-633\" \/><\/span>\n\t<\/p>\n<\/div>\n<div class=\"form-input\">\n\t<p><span class=\"f-label\">Personal identification number <span class=\"red\">*<\/span><\/span><br \/>\n<span class=\"wpcf7-form-control-wrap\" data-name=\"text-733\"><input size=\"40\" maxlength=\"400\" class=\"wpcf7-form-control wpcf7-text shape form-control\" aria-invalid=\"false\" value=\"\" type=\"text\" name=\"text-733\" \/><\/span>\n\t<\/p>\n<\/div>\n<div class=\"form-input\">\n\t<p><span class=\"f-label\">Date of birth <span class=\"red\">*<\/span><\/span><br \/>\n<span class=\"wpcf7-form-control-wrap\" data-name=\"text-833\"><input size=\"40\" maxlength=\"400\" class=\"wpcf7-form-control wpcf7-text shape form-control\" aria-invalid=\"false\" value=\"\" type=\"text\" name=\"text-833\" \/><\/span>\n\t<\/p>\n<\/div>\n<div class=\"form-input\">\n\t<p><span class=\"f-label\">Place of birth <span class=\"red\">*<\/span><\/span><br \/>\n<span class=\"wpcf7-form-control-wrap\" data-name=\"text-933\"><input size=\"40\" maxlength=\"400\" class=\"wpcf7-form-control wpcf7-text shape form-control\" aria-invalid=\"false\" value=\"\" type=\"text\" name=\"text-933\" \/><\/span>\n\t<\/p>\n<\/div>\n<div class=\"form-input\">\n\t<p><span class=\"f-label\">Municipality of birth <span class=\"red\">*<\/span><\/span><br \/>\n<span class=\"wpcf7-form-control-wrap\" data-name=\"text-103\"><input size=\"40\" maxlength=\"400\" class=\"wpcf7-form-control wpcf7-text shape form-control\" aria-invalid=\"false\" value=\"\" type=\"text\" name=\"text-103\" \/><\/span>\n\t<\/p>\n<\/div>\n<div class=\"form-input\">\n\t<p><span class=\"f-label\">Country <span class=\"red\">*<\/span><\/span><br \/>\n<span class=\"wpcf7-form-control-wrap\" data-name=\"text-1133\"><input size=\"40\" maxlength=\"400\" class=\"wpcf7-form-control wpcf7-text shape form-control\" aria-invalid=\"false\" value=\"\" type=\"text\" name=\"text-1133\" \/><\/span>\n\t<\/p>\n<\/div>\n<p><strong>Document recipient information:<br \/>\nA person submitting a request for a birth certificate.<br \/>\n<\/strong>\n<\/p>\n<div class=\"form-input\">\n\t<p><span class=\"f-label\">Orderer's name <span class=\"red\">*<\/span><\/span><br \/>\n<span class=\"wpcf7-form-control-wrap\" data-name=\"email\"><input size=\"40\" maxlength=\"400\" class=\"wpcf7-form-control wpcf7-email wpcf7-validates-as-required wpcf7-text wpcf7-validates-as-email shape form-control\" aria-required=\"true\" aria-invalid=\"false\" value=\"\" type=\"email\" name=\"email\" \/><\/span>\n\t<\/p>\n<\/div>\n<div class=\"form-input\">\n\t<p><span class=\"f-label\">Orderer's last name <span class=\"red\">*<\/span><\/span><br \/>\n<span class=\"wpcf7-form-control-wrap\" data-name=\"text-1233\"><input size=\"40\" maxlength=\"400\" class=\"wpcf7-form-control wpcf7-text shape form-control\" aria-invalid=\"false\" value=\"\" type=\"text\" name=\"text-1233\" \/><\/span>\n\t<\/p>\n<\/div>\n<div class=\"form-input\">\n\t<p><span class=\"f-label\">Personal identification number <span class=\"red\">*<\/span><\/span><br \/>\n<span class=\"wpcf7-form-control-wrap\" data-name=\"text-13333\"><input size=\"40\" maxlength=\"400\" class=\"wpcf7-form-control wpcf7-text shape form-control\" aria-invalid=\"false\" value=\"\" type=\"text\" name=\"text-13333\" \/><\/span>\n\t<\/p>\n<\/div>\n<div class=\"form-input\">\n\t<p><span class=\"f-label\">Adress <span class=\"red\">*<\/span><\/span><br \/>\n<span class=\"wpcf7-form-control-wrap\" data-name=\"text-1433\"><input size=\"40\" maxlength=\"400\" class=\"wpcf7-form-control wpcf7-text shape form-control\" aria-invalid=\"false\" value=\"\" type=\"text\" name=\"text-1433\" \/><\/span>\n\t<\/p>\n<\/div>\n<div class=\"form-input\">\n\t<p><span class=\"f-label\">Place <span class=\"red\">*<\/span><\/span><br \/>\n<span class=\"wpcf7-form-control-wrap\" data-name=\"text-1533\"><input size=\"40\" maxlength=\"400\" class=\"wpcf7-form-control wpcf7-text shape form-control\" aria-invalid=\"false\" value=\"\" type=\"text\" name=\"text-1533\" \/><\/span>\n\t<\/p>\n<\/div>\n<div class=\"form-input\">\n\t<p><span class=\"f-label\">Postal code <span class=\"red\">*<\/span><\/span><br \/>\n<span class=\"wpcf7-form-control-wrap\" data-name=\"text-1633\"><input size=\"40\" maxlength=\"400\" class=\"wpcf7-form-control wpcf7-text shape form-control\" aria-invalid=\"false\" value=\"\" type=\"text\" name=\"text-1633\" \/><\/span>\n\t<\/p>\n<\/div>\n<div class=\"form-input\">\n\t<p><span class=\"f-label\">Municipality <span class=\"red\">*<\/span><\/span><br \/>\n<span class=\"wpcf7-form-control-wrap\" data-name=\"text-1733\"><input size=\"40\" maxlength=\"400\" class=\"wpcf7-form-control wpcf7-text shape form-control\" aria-invalid=\"false\" value=\"\" type=\"text\" name=\"text-1733\" \/><\/span>\n\t<\/p>\n<\/div>\n<div class=\"form-input\">\n\t<p><span class=\"f-label\">Country <span class=\"red\">*<\/span><\/span><br \/>\n<span class=\"wpcf7-form-control-wrap\" data-name=\"text-1833\"><input size=\"40\" maxlength=\"400\" class=\"wpcf7-form-control wpcf7-text shape form-control\" aria-invalid=\"false\" value=\"\" type=\"text\" name=\"text-1833\" \/><\/span>\n\t<\/p>\n<\/div>\n<div class=\"form-input\">\n\t<p><span class=\"f-label\">Email <span class=\"red\">*<\/span><\/span><br \/>\n<span class=\"wpcf7-form-control-wrap\" data-name=\"text-1933\"><input size=\"40\" maxlength=\"400\" class=\"wpcf7-form-control wpcf7-text shape form-control\" aria-invalid=\"false\" value=\"\" type=\"text\" name=\"text-1933\" \/><\/span>\n\t<\/p>\n<\/div>\n<div class=\"form-input\">\n\t<p><span class=\"f-label\">Phone <span class=\"red\">*<\/span><\/span><br \/>\n<span class=\"wpcf7-form-control-wrap\" data-name=\"text-2033\"><input size=\"40\" maxlength=\"400\" class=\"wpcf7-form-control wpcf7-text shape form-control\" aria-invalid=\"false\" value=\"\" type=\"text\" name=\"text-2033\" \/><\/span>\n\t<\/p>\n<\/div>\n<div class=\"form-input\">\n\t<p><span class=\"f-label\">Message - enter the reason for extracting the document <span class=\"red\">*<\/span><\/span><br \/>\n<span class=\"wpcf7-form-control-wrap\" data-name=\"message\"><textarea cols=\"40\" rows=\"10\" maxlength=\"2000\" class=\"wpcf7-form-control wpcf7-textarea wpcf7-validates-as-required shape form-control\" aria-required=\"true\" aria-invalid=\"false\" name=\"message\"><\/textarea><\/span>\n\t<\/p>\n<\/div>\n<div class=\"form-input button-group\">\n\t<p><input class=\"wpcf7-form-control wpcf7-submit has-spinner submit-btn shape btn btn-md main-bg\" type=\"submit\" value=\"Send a request\" \/>\n\t<\/p>\n<\/div><div class=\"wpcf7-response-output\" aria-hidden=\"true\"><\/div>\n<input type=\"hidden\" name=\"trp-form-language\" value=\"en\"\/><\/form>\n<\/div>\n\t\t\t\t<\/div>\n\t\t\t\t<\/div>\n\t\t\t\t<\/div>\n\t\t\t\t\t<\/div>\n\t\t\t\t<\/div>\n\t\t\t\t<\/div>","protected":false},"excerpt":{"rendered":"<p>IZVOD IZ MATI\u010cNE KNJIGE RODJENIH Podaci o osobi za koju se zahteva izvod iz mati\u010dne knjige rodjenih: Polja ozna\u010dena sa<\/p>","protected":false},"author":1,"featured_media":0,"parent":0,"menu_order":0,"comment_status":"closed","ping_status":"closed","template":"elementor_header_footer","meta":{"footnotes":""},"class_list":["post-29279","page","type-page","status-publish","hentry"],"_links":{"self":[{"href":"https:\/\/dokumenata.com\/en\/wp-json\/wp\/v2\/pages\/29279","targetHints":{"allow":["GET"]}}],"collection":[{"href":"https:\/\/dokumenata.com\/en\/wp-json\/wp\/v2\/pages"}],"about":[{"href":"https:\/\/dokumenata.com\/en\/wp-json\/wp\/v2\/types\/page"}],"author":[{"embeddable":true,"href":"https:\/\/dokumenata.com\/en\/wp-json\/wp\/v2\/users\/1"}],"replies":[{"embeddable":true,"href":"https:\/\/dokumenata.com\/en\/wp-json\/wp\/v2\/comments?post=29279"}],"version-history":[{"count":28,"href":"https:\/\/dokumenata.com\/en\/wp-json\/wp\/v2\/pages\/29279\/revisions"}],"predecessor-version":[{"id":29341,"href":"https:\/\/dokumenata.com\/en\/wp-json\/wp\/v2\/pages\/29279\/revisions\/29341"}],"wp:attachment":[{"href":"https:\/\/dokumenata.com\/en\/wp-json\/wp\/v2\/media?parent=29279"}],"curies":[{"name":"wp","href":"https:\/\/api.w.org\/{rel}","templated":true}]}}